{"id":50717,"date":"2026-01-30T13:14:59","date_gmt":"2026-01-30T12:14:59","guid":{"rendered":"https:\/\/humanostics.com\/?page_id=50717"},"modified":"2026-02-18T12:46:37","modified_gmt":"2026-02-18T11:46:37","slug":"reports","status":"publish","type":"page","link":"https:\/\/humanostics.com\/da\/reports\/","title":{"rendered":"Eksempler p\u00e5 PI-rapporter"},"content":{"rendered":"\t\t<div data-elementor-type=\"wp-post\" data-elementor-id=\"50717\" class=\"elementor elementor-50717 elementor-50715\" data-elementor-post-type=\"page\">\n\t\t\t\t\t\t<section class=\"elementor-section elementor-top-section elementor-element elementor-element-f8d924e elementor-section-boxed elementor-section-height-default elementor-section-height-default\" data-id=\"f8d924e\" data-element_type=\"section\" data-e-type=\"section\">\n\t\t\t\t\t\t<div class=\"elementor-container elementor-column-gap-default\">\n\t\t\t\t\t<div class=\"elementor-column elementor-col-100 elementor-top-column elementor-element elementor-element-72e6447\" data-id=\"72e6447\" data-element_type=\"column\" data-e-type=\"column\">\n\t\t\t<div class=\"elementor-widget-wrap elementor-element-populated\">\n\t\t\t\t\t\t<div class=\"elementor-element elementor-element-d60bbd5 elementor-widget elementor-widget-heading\" data-id=\"d60bbd5\" data-element_type=\"widget\" data-e-type=\"widget\" data-widget_type=\"heading.default\">\n\t\t\t\t<div class=\"elementor-widget-container\">\n\t\t\t\t\t<h1 class=\"elementor-heading-title elementor-size-default\">EKSEMPLER P\u00c5 PI-RAPPORTER<\/h1>\t\t\t\t<\/div>\n\t\t\t\t<\/div>\n\t\t\t\t<div class=\"elementor-element elementor-element-17844cbf elementor-widget elementor-widget-text-editor\" data-id=\"17844cbf\" data-element_type=\"widget\" data-e-type=\"widget\" data-widget_type=\"text-editor.default\">\n\t\t\t\t<div class=\"elementor-widget-container\">\n\t\t\t\t\t\t\t\t\t<p>PI Software tilbyder en bred vifte af rapporter til ans\u00e6ttelse, udvikling, ledelse, samarbejde og teams. Alle rapporter relateret til det\/de modul(er), der er inkluderet i jeres PI-licensabonnement, kan downloades ubegr\u00e6nset. Rapporteksemplerne p\u00e5 denne side blev genereret ved hj\u00e6lp af dummy-data.<\/p>\n\t\t\t\t\t\t\t\t<\/div>\n\t\t\t\t<\/div>\n\t\t\t\t<div class=\"elementor-element elementor-element-2e2f3a9 elementor-widget elementor-widget-image\" data-id=\"2e2f3a9\" data-element_type=\"widget\" data-e-type=\"widget\" data-widget_type=\"image.default\">\n\t\t\t\t<div class=\"elementor-widget-container\">\n\t\t\t\t\t\t\t\t\t\t\t\t\t\t\t<img fetchpriority=\"high\" decoding=\"async\" width=\"1024\" height=\"594\" src=\"https:\/\/humanostics.com\/wp-content\/uploads\/2026\/01\/Reports-graphic-1024x594.png\" class=\"attachment-large size-large wp-image-51903\" alt=\"PI Reports graphic\" srcset=\"https:\/\/humanostics.com\/wp-content\/uploads\/2026\/01\/Reports-graphic-1024x594.png 1024w, https:\/\/humanostics.com\/wp-content\/uploads\/2026\/01\/Reports-graphic-300x174.png 300w, https:\/\/humanostics.com\/wp-content\/uploads\/2026\/01\/Reports-graphic-768x446.png 768w, https:\/\/humanostics.com\/wp-content\/uploads\/2026\/01\/Reports-graphic-1536x891.png 1536w, https:\/\/humanostics.com\/wp-content\/uploads\/2026\/01\/Reports-graphic-2048x1188.png 2048w, https:\/\/humanostics.com\/wp-content\/uploads\/2026\/01\/Reports-graphic-24x14.png 24w, https:\/\/humanostics.com\/wp-content\/uploads\/2026\/01\/Reports-graphic-36x21.png 36w, https:\/\/humanostics.com\/wp-content\/uploads\/2026\/01\/Reports-graphic-48x28.png 48w\" sizes=\"(max-width: 1024px) 100vw, 1024px\" \/>\t\t\t\t\t\t\t\t\t\t\t\t\t\t\t<\/div>\n\t\t\t\t<\/div>\n\t\t\t\t\t<\/div>\n\t\t<\/div>\n\t\t\t\t\t<\/div>\n\t\t<\/section>\n\t\t<div class=\"elementor-element elementor-element-34747ee e-flex e-con-boxed e-con e-parent\" data-id=\"34747ee\" data-element_type=\"container\" data-e-type=\"container\">\n\t\t\t\t\t<div class=\"e-con-inner\">\n\t\t\t\t<div class=\"elementor-element elementor-element-fccbfac elementor-align-center elementor-widget elementor-widget-button\" data-id=\"fccbfac\" data-element_type=\"widget\" data-e-type=\"widget\" data-widget_type=\"button.default\">\n\t\t\t\t<div class=\"elementor-widget-container\">\n\t\t\t\t\t\t\t\t\t<div class=\"elementor-button-wrapper\">\n\t\t\t\t\t<a class=\"elementor-button elementor-button-link elementor-size-sm elementor-animation-grow\" href=\"#link-popup-reportexamples\">\n\t\t\t\t\t\t<span class=\"elementor-button-content-wrapper\">\n\t\t\t\t\t\t\t\t\t<span class=\"elementor-button-text\">HENT RAPPORTEKSEMPLER<\/span>\n\t\t\t\t\t<\/span>\n\t\t\t\t\t<\/a>\n\t\t\t\t<\/div>\n\t\t\t\t\t\t\t\t<\/div>\n\t\t\t\t<\/div>\n\t\t\t\t\t<\/div>\n\t\t\t\t<\/div>\n\t\t\t\t<\/div>\n\t\t","protected":false},"excerpt":{"rendered":"<p>EKSEMPLER P\u00c5 PI-RAPPORTER PI Software tilbyder en bred vifte af rapporter til ans\u00e6ttelse, udvikling, ledelse, samarbejde og teams. Alle rapporter relateret til det\/de modul(er), der er inkluderet i jeres PI-licensabonnement, kan downloades ubegr\u00e6nset. Rapporteksemplerne p\u00e5 denne side blev genereret ved hj\u00e6lp af dummy-data. HENT RAPPORTEKSEMPLER<\/p>\n","protected":false},"author":1,"featured_media":0,"parent":0,"menu_order":0,"comment_status":"closed","ping_status":"closed","template":"","meta":{"content-type":"","footnotes":""},"class_list":["post-50717","page","type-page","status-publish","hentry","wpbf-post"],"yoast_head":"<!-- This site is optimized with the Yoast SEO Premium plugin v27.3 (Yoast SEO v27.4) - https:\/\/yoast.com\/product\/yoast-seo-premium-wordpress\/ -->\n<title>Who is Humanostics Group?<\/title>\n<meta name=\"description\" content=\"Predictive Index report examples - download examples of the many reports for talent acquisition, development and leadership here.\" \/>\n<meta name=\"robots\" content=\"noindex, nofollow\" \/>\n<meta property=\"og:locale\" content=\"da_DK\" \/>\n<meta property=\"og:type\" content=\"article\" \/>\n<meta property=\"og:title\" content=\"Humanostics \u2502 People-Powered Performance \u2502 PI Certified Partner\" \/>\n<meta property=\"og:description\" content=\"Humanostics helps companies of all sizes and across all industries identify talent and engage their workforce using the suite of Predictive Index assessment tools. We offer end-to-end solutions that give you the insights, tools, training, and guidance to ensure you have the right people in the right roles; motivated, engaged, and ready to perform. We call it People-Powered Performance. Whether you are looking to hire the right people using scientifically validated psychometric pre-employement tests, or you want to help managers and employees gain self-awareness, improve their leadership skills and build high-performing teams, Humanostics can help you do all this using the PI framework.\" \/>\n<meta property=\"og:url\" content=\"https:\/\/humanostics.com\/da\/reports\/\" \/>\n<meta property=\"og:site_name\" content=\"Humanostics\" \/>\n<meta property=\"article:publisher\" content=\"https:\/\/www.facebook.com\/humanostics\/\" \/>\n<meta property=\"article:modified_time\" content=\"2026-02-18T11:46:37+00:00\" \/>\n<meta property=\"og:image\" content=\"https:\/\/humanostics.com\/wp-content\/uploads\/2026\/01\/Reports-graphic-scaled.png\" \/>\n\t<meta property=\"og:image:width\" content=\"2560\" \/>\n\t<meta property=\"og:image:height\" content=\"1485\" \/>\n\t<meta property=\"og:image:type\" content=\"image\/png\" \/>\n<meta name=\"twitter:card\" content=\"summary_large_image\" \/>\n<meta name=\"twitter:label1\" content=\"Estimeret l\u00e6setid\" \/>\n\t<meta name=\"twitter:data1\" content=\"1 minut\" \/>\n<script type=\"application\/ld+json\" class=\"yoast-schema-graph\">{\"@context\":\"https:\\\/\\\/schema.org\",\"@graph\":[{\"@type\":\"WebPage\",\"@id\":\"https:\\\/\\\/humanostics.com\\\/da\\\/reports\\\/\",\"url\":\"https:\\\/\\\/humanostics.com\\\/da\\\/reports\\\/\",\"name\":\"Who is Humanostics Group?\",\"isPartOf\":{\"@id\":\"https:\\\/\\\/humanostics.com\\\/da\\\/#website\"},\"primaryImageOfPage\":{\"@id\":\"https:\\\/\\\/humanostics.com\\\/da\\\/reports\\\/#primaryimage\"},\"image\":{\"@id\":\"https:\\\/\\\/humanostics.com\\\/da\\\/reports\\\/#primaryimage\"},\"thumbnailUrl\":\"https:\\\/\\\/humanostics.com\\\/wp-content\\\/uploads\\\/2026\\\/01\\\/Reports-graphic-1024x594.png\",\"datePublished\":\"2026-01-30T12:14:59+00:00\",\"dateModified\":\"2026-02-18T11:46:37+00:00\",\"description\":\"Predictive Index report examples - download examples of the many reports for talent acquisition, development and leadership here.\",\"breadcrumb\":{\"@id\":\"https:\\\/\\\/humanostics.com\\\/da\\\/reports\\\/#breadcrumb\"},\"inLanguage\":\"da-DK\",\"potentialAction\":[{\"@type\":\"ReadAction\",\"target\":[\"https:\\\/\\\/humanostics.com\\\/da\\\/reports\\\/\"]}]},{\"@type\":\"ImageObject\",\"inLanguage\":\"da-DK\",\"@id\":\"https:\\\/\\\/humanostics.com\\\/da\\\/reports\\\/#primaryimage\",\"url\":\"https:\\\/\\\/humanostics.com\\\/wp-content\\\/uploads\\\/2026\\\/01\\\/Reports-graphic-1024x594.png\",\"contentUrl\":\"https:\\\/\\\/humanostics.com\\\/wp-content\\\/uploads\\\/2026\\\/01\\\/Reports-graphic-1024x594.png\"},{\"@type\":\"BreadcrumbList\",\"@id\":\"https:\\\/\\\/humanostics.com\\\/da\\\/reports\\\/#breadcrumb\",\"itemListElement\":[{\"@type\":\"ListItem\",\"position\":1,\"name\":\"Home\",\"item\":\"https:\\\/\\\/humanostics.com\\\/da\\\/home\\\/\"},{\"@type\":\"ListItem\",\"position\":2,\"name\":\"Eksempler p\u00e5 PI-rapporter\"}]},{\"@type\":\"WebSite\",\"@id\":\"https:\\\/\\\/humanostics.com\\\/da\\\/#website\",\"url\":\"https:\\\/\\\/humanostics.com\\\/da\\\/\",\"name\":\"Humanostics\",\"description\":\"Humanostics\",\"publisher\":{\"@id\":\"https:\\\/\\\/humanostics.com\\\/da\\\/#organization\"},\"potentialAction\":[{\"@type\":\"SearchAction\",\"target\":{\"@type\":\"EntryPoint\",\"urlTemplate\":\"https:\\\/\\\/humanostics.com\\\/da\\\/?s={search_term_string}\"},\"query-input\":{\"@type\":\"PropertyValueSpecification\",\"valueRequired\":true,\"valueName\":\"search_term_string\"}}],\"inLanguage\":\"da-DK\"},{\"@type\":\"Organization\",\"@id\":\"https:\\\/\\\/humanostics.com\\\/da\\\/#organization\",\"name\":\"Humanostics\",\"url\":\"https:\\\/\\\/humanostics.com\\\/da\\\/\",\"logo\":{\"@type\":\"ImageObject\",\"inLanguage\":\"da-DK\",\"@id\":\"https:\\\/\\\/humanostics.com\\\/da\\\/#\\\/schema\\\/logo\\\/image\\\/\",\"url\":\"https:\\\/\\\/humanostics.com\\\/wp-content\\\/uploads\\\/2018\\\/10\\\/Logo-hvid-transparent1.png\",\"contentUrl\":\"https:\\\/\\\/humanostics.com\\\/wp-content\\\/uploads\\\/2018\\\/10\\\/Logo-hvid-transparent1.png\",\"width\":1000,\"height\":207,\"caption\":\"Humanostics\"},\"image\":{\"@id\":\"https:\\\/\\\/humanostics.com\\\/da\\\/#\\\/schema\\\/logo\\\/image\\\/\"},\"sameAs\":[\"https:\\\/\\\/www.facebook.com\\\/humanostics\\\/\",\"https:\\\/\\\/www.linkedin.com\\\/company\\\/humanostics\\\/\",\"https:\\\/\\\/www.youtube.com\\\/user\\\/Humanostics\"],\"description\":\"Humanostics helps companies of all sizes and across all industries identify talent and engage their workforce using the suite of Predictive Index assessment tools. From our offices in Denmark and Singapore and via our network of associate partners across Northern Europe, South East Asia and Australia, we offer end-to-end solutions that give you the insights, tools, training, and guidance to ensure you have the right people in the right roles; motivated, engaged, and ready to perform. We call it People-Powered Performance. Our proven framework is built on a three-step process: 1) Gather Data from science-based assessments that measure motivational drives, cognitive ability, and job fit. 2) Deliver Insights through a powerful SaaS platform that transforms people data into actionable insights. 3) Take Action enabled by attending knowledge-transfer workshops that empower your organisation to apply the tools with confidence. As a PI Certified Partner, our solutions include the PI Behavioral Assessment\u2122, The PI Cognitive Assessment\u2122, The PI Job Assessment\u2122, The PI Employee Experience Survey\u2122 and Team Discovery\u2122, all designed to provide clarity around hiring decisions, leadership development, team development, and engagement strategies. Whether you are looking to hire the right people using scientifically validated psychometric pre-employement tests, or you want to help managers and employees gain self-awareness, improve their leadership skills and build high-performing teams, Humanostics can help you do all this using the PI framework.\",\"email\":\"sales@humanostics.com\",\"telephone\":\"+4553890535\",\"legalName\":\"Humanostics ApS\",\"foundingDate\":\"2009-09-28\",\"vatID\":\"32451926\",\"numberOfEmployees\":{\"@type\":\"QuantitativeValue\",\"minValue\":\"1\",\"maxValue\":\"10\"}}]}<\/script>\n<!-- \/ Yoast SEO Premium plugin. -->","yoast_head_json":{"title":"Who is Humanostics Group?","description":"Predictive Index report examples - download examples of the many reports for talent acquisition, development and leadership here.","robots":{"index":"noindex","follow":"nofollow"},"og_locale":"da_DK","og_type":"article","og_title":"Humanostics \u2502 People-Powered Performance \u2502 PI Certified Partner","og_description":"Humanostics helps companies of all sizes and across all industries identify talent and engage their workforce using the suite of Predictive Index assessment tools. We offer end-to-end solutions that give you the insights, tools, training, and guidance to ensure you have the right people in the right roles; motivated, engaged, and ready to perform. We call it People-Powered Performance. Whether you are looking to hire the right people using scientifically validated psychometric pre-employement tests, or you want to help managers and employees gain self-awareness, improve their leadership skills and build high-performing teams, Humanostics can help you do all this using the PI framework.","og_url":"https:\/\/humanostics.com\/da\/reports\/","og_site_name":"Humanostics","article_publisher":"https:\/\/www.facebook.com\/humanostics\/","article_modified_time":"2026-02-18T11:46:37+00:00","og_image":[{"width":2560,"height":1485,"url":"https:\/\/humanostics.com\/wp-content\/uploads\/2026\/01\/Reports-graphic-scaled.png","type":"image\/png"}],"twitter_card":"summary_large_image","twitter_misc":{"Estimeret l\u00e6setid":"1 minut"},"schema":{"@context":"https:\/\/schema.org","@graph":[{"@type":"WebPage","@id":"https:\/\/humanostics.com\/da\/reports\/","url":"https:\/\/humanostics.com\/da\/reports\/","name":"Who is Humanostics Group?","isPartOf":{"@id":"https:\/\/humanostics.com\/da\/#website"},"primaryImageOfPage":{"@id":"https:\/\/humanostics.com\/da\/reports\/#primaryimage"},"image":{"@id":"https:\/\/humanostics.com\/da\/reports\/#primaryimage"},"thumbnailUrl":"https:\/\/humanostics.com\/wp-content\/uploads\/2026\/01\/Reports-graphic-1024x594.png","datePublished":"2026-01-30T12:14:59+00:00","dateModified":"2026-02-18T11:46:37+00:00","description":"Predictive Index report examples - download examples of the many reports for talent acquisition, development and leadership here.","breadcrumb":{"@id":"https:\/\/humanostics.com\/da\/reports\/#breadcrumb"},"inLanguage":"da-DK","potentialAction":[{"@type":"ReadAction","target":["https:\/\/humanostics.com\/da\/reports\/"]}]},{"@type":"ImageObject","inLanguage":"da-DK","@id":"https:\/\/humanostics.com\/da\/reports\/#primaryimage","url":"https:\/\/humanostics.com\/wp-content\/uploads\/2026\/01\/Reports-graphic-1024x594.png","contentUrl":"https:\/\/humanostics.com\/wp-content\/uploads\/2026\/01\/Reports-graphic-1024x594.png"},{"@type":"BreadcrumbList","@id":"https:\/\/humanostics.com\/da\/reports\/#breadcrumb","itemListElement":[{"@type":"ListItem","position":1,"name":"Home","item":"https:\/\/humanostics.com\/da\/home\/"},{"@type":"ListItem","position":2,"name":"Eksempler p\u00e5 PI-rapporter"}]},{"@type":"WebSite","@id":"https:\/\/humanostics.com\/da\/#website","url":"https:\/\/humanostics.com\/da\/","name":"Humanostics","description":"Humanostics","publisher":{"@id":"https:\/\/humanostics.com\/da\/#organization"},"potentialAction":[{"@type":"SearchAction","target":{"@type":"EntryPoint","urlTemplate":"https:\/\/humanostics.com\/da\/?s={search_term_string}"},"query-input":{"@type":"PropertyValueSpecification","valueRequired":true,"valueName":"search_term_string"}}],"inLanguage":"da-DK"},{"@type":"Organization","@id":"https:\/\/humanostics.com\/da\/#organization","name":"Humanostics","url":"https:\/\/humanostics.com\/da\/","logo":{"@type":"ImageObject","inLanguage":"da-DK","@id":"https:\/\/humanostics.com\/da\/#\/schema\/logo\/image\/","url":"https:\/\/humanostics.com\/wp-content\/uploads\/2018\/10\/Logo-hvid-transparent1.png","contentUrl":"https:\/\/humanostics.com\/wp-content\/uploads\/2018\/10\/Logo-hvid-transparent1.png","width":1000,"height":207,"caption":"Humanostics"},"image":{"@id":"https:\/\/humanostics.com\/da\/#\/schema\/logo\/image\/"},"sameAs":["https:\/\/www.facebook.com\/humanostics\/","https:\/\/www.linkedin.com\/company\/humanostics\/","https:\/\/www.youtube.com\/user\/Humanostics"],"description":"Humanostics helps companies of all sizes and across all industries identify talent and engage their workforce using the suite of Predictive Index assessment tools. From our offices in Denmark and Singapore and via our network of associate partners across Northern Europe, South East Asia and Australia, we offer end-to-end solutions that give you the insights, tools, training, and guidance to ensure you have the right people in the right roles; motivated, engaged, and ready to perform. We call it People-Powered Performance. Our proven framework is built on a three-step process: 1) Gather Data from science-based assessments that measure motivational drives, cognitive ability, and job fit. 2) Deliver Insights through a powerful SaaS platform that transforms people data into actionable insights. 3) Take Action enabled by attending knowledge-transfer workshops that empower your organisation to apply the tools with confidence. As a PI Certified Partner, our solutions include the PI Behavioral Assessment\u2122, The PI Cognitive Assessment\u2122, The PI Job Assessment\u2122, The PI Employee Experience Survey\u2122 and Team Discovery\u2122, all designed to provide clarity around hiring decisions, leadership development, team development, and engagement strategies. Whether you are looking to hire the right people using scientifically validated psychometric pre-employement tests, or you want to help managers and employees gain self-awareness, improve their leadership skills and build high-performing teams, Humanostics can help you do all this using the PI framework.","email":"sales@humanostics.com","telephone":"+4553890535","legalName":"Humanostics ApS","foundingDate":"2009-09-28","vatID":"32451926","numberOfEmployees":{"@type":"QuantitativeValue","minValue":"1","maxValue":"10"}}]}},"_links":{"self":[{"href":"https:\/\/humanostics.com\/da\/wp-json\/wp\/v2\/pages\/50717","targetHints":{"allow":["GET"]}}],"collection":[{"href":"https:\/\/humanostics.com\/da\/wp-json\/wp\/v2\/pages"}],"about":[{"href":"https:\/\/humanostics.com\/da\/wp-json\/wp\/v2\/types\/page"}],"author":[{"embeddable":true,"href":"https:\/\/humanostics.com\/da\/wp-json\/wp\/v2\/users\/1"}],"replies":[{"embeddable":true,"href":"https:\/\/humanostics.com\/da\/wp-json\/wp\/v2\/comments?post=50717"}],"version-history":[{"count":11,"href":"https:\/\/humanostics.com\/da\/wp-json\/wp\/v2\/pages\/50717\/revisions"}],"predecessor-version":[{"id":52296,"href":"https:\/\/humanostics.com\/da\/wp-json\/wp\/v2\/pages\/50717\/revisions\/52296"}],"wp:attachment":[{"href":"https:\/\/humanostics.com\/da\/wp-json\/wp\/v2\/media?parent=50717"}],"curies":[{"name":"wp","href":"https:\/\/api.w.org\/{rel}","templated":true}]}}